{"id":172,"date":"2016-04-20T08:48:35","date_gmt":"2016-04-20T08:48:35","guid":{"rendered":"http:\/\/le-style-pacou.com\/?page_id=172"},"modified":"2016-05-18T13:42:29","modified_gmt":"2016-05-18T13:42:29","slug":"demo-acoustique","status":"publish","type":"page","link":"https:\/\/le-style-pacou.com\/?page_id=172","title":{"rendered":"D\u00e9mos Acoustique"},"content":{"rendered":"<p><strong>1. Kyri\u00e9 \u00e9le\u00efson<\/strong><br \/>\nTexte : Pacou<\/p>\n<!--[if lt IE 9]><script>document.createElement('audio');<\/script><![endif]-->\n<audio class=\"wp-audio-shortcode\" id=\"audio-172-1\" preload=\"none\" style=\"width: 100%;\" controls=\"controls\"><source type=\"audio\/mpeg\" src=\"http:\/\/le-style-pacou.com\/wp-content\/uploads\/2016\/04\/01-Kyzi\u00e9-\u00e9le\u00efson-1.mp3?_=1\" \/><a href=\"http:\/\/le-style-pacou.com\/wp-content\/uploads\/2016\/04\/01-Kyzi\u00e9-\u00e9le\u00efson-1.mp3\">http:\/\/le-style-pacou.com\/wp-content\/uploads\/2016\/04\/01-Kyzi\u00e9-\u00e9le\u00efson-1.mp3<\/a><\/audio>\n<p>&nbsp;<\/p>\n<p><strong>2. Red Hudson<\/strong><br \/>\nTexte : Blanche Laviale<\/p>\n<audio class=\"wp-audio-shortcode\" id=\"audio-172-2\" preload=\"none\" style=\"width: 100%;\" controls=\"controls\"><source type=\"audio\/mpeg\" src=\"http:\/\/le-style-pacou.com\/wp-content\/uploads\/2016\/04\/02-Red-Hudson.mp3?_=2\" \/><a href=\"http:\/\/le-style-pacou.com\/wp-content\/uploads\/2016\/04\/02-Red-Hudson.mp3\">http:\/\/le-style-pacou.com\/wp-content\/uploads\/2016\/04\/02-Red-Hudson.mp3<\/a><\/audio>\n<p>&nbsp;<\/p>\n<p><strong>3. Ruby<\/strong><br \/>\nTexte : Tricia Hayward<\/p>\n<audio class=\"wp-audio-shortcode\" id=\"audio-172-3\" preload=\"none\" style=\"width: 100%;\" controls=\"controls\"><source type=\"audio\/mpeg\" src=\"http:\/\/le-style-pacou.com\/wp-content\/uploads\/2016\/04\/03-Ruby.mp3?_=3\" \/><a href=\"http:\/\/le-style-pacou.com\/wp-content\/uploads\/2016\/04\/03-Ruby.mp3\">http:\/\/le-style-pacou.com\/wp-content\/uploads\/2016\/04\/03-Ruby.mp3<\/a><\/audio>\n<p>&nbsp;<\/p>\n<p><strong>4. J&rsquo;\u00e9coute tomber la pluie<\/strong><\/p>\n<audio class=\"wp-audio-shortcode\" id=\"audio-172-4\" preload=\"none\" style=\"width: 100%;\" controls=\"controls\"><source type=\"audio\/mpeg\" src=\"http:\/\/le-style-pacou.com\/wp-content\/uploads\/2016\/04\/03-J\u00e9coute-tomber-la-pluie.mp3?_=4\" \/><a href=\"http:\/\/le-style-pacou.com\/wp-content\/uploads\/2016\/04\/03-J\u00e9coute-tomber-la-pluie.mp3\">http:\/\/le-style-pacou.com\/wp-content\/uploads\/2016\/04\/03-J\u00e9coute-tomber-la-pluie.mp3<\/a><\/audio>\n<p>&nbsp;<\/p>\n<p><strong>5. Principe f\u00e9minin<\/strong><\/p>\n<audio class=\"wp-audio-shortcode\" id=\"audio-172-5\" preload=\"none\" style=\"width: 100%;\" controls=\"controls\"><source type=\"audio\/mpeg\" src=\"http:\/\/le-style-pacou.com\/wp-content\/uploads\/2016\/04\/04-Principe-f\u00e9minin.mp3?_=5\" \/><a href=\"http:\/\/le-style-pacou.com\/wp-content\/uploads\/2016\/04\/04-Principe-f\u00e9minin.mp3\">http:\/\/le-style-pacou.com\/wp-content\/uploads\/2016\/04\/04-Principe-f\u00e9minin.mp3<\/a><\/audio>\n<p>&nbsp;<\/p>\n<p><strong>6. Afric Lob\u00e9langa\u00efo<\/strong><br \/>\nTexte : Pacou<\/p>\n<audio class=\"wp-audio-shortcode\" id=\"audio-172-6\" preload=\"none\" style=\"width: 100%;\" controls=\"controls\"><source type=\"audio\/mpeg\" src=\"http:\/\/le-style-pacou.com\/wp-content\/uploads\/2016\/04\/04-Afric-Lob\u00e9longa\u00efo.mp3?_=6\" \/><a href=\"http:\/\/le-style-pacou.com\/wp-content\/uploads\/2016\/04\/04-Afric-Lob\u00e9longa\u00efo.mp3\">http:\/\/le-style-pacou.com\/wp-content\/uploads\/2016\/04\/04-Afric-Lob\u00e9longa\u00efo.mp3<\/a><\/audio>\n","protected":false},"excerpt":{"rendered":"<p>1. Kyri\u00e9 \u00e9le\u00efson Texte : Pacou &nbsp; 2. Red Hudson Texte : Blanche Laviale &nbsp; 3. Ruby Texte : Tricia Hayward &nbsp; 4. J&rsquo;\u00e9coute tomber la pluie &nbsp; 5. Principe f\u00e9minin &nbsp; 6. Afric Lob\u00e9langa\u00efo Texte : Pacou<\/p>\n","protected":false},"author":1,"featured_media":0,"parent":0,"menu_order":0,"comment_status":"closed","ping_status":"closed","template":"","meta":{"jetpack_post_was_ever_published":false,"footnotes":""},"class_list":["post-172","page","type-page","status-publish","hentry"],"jetpack_sharing_enabled":true,"_links":{"self":[{"href":"https:\/\/le-style-pacou.com\/index.php?rest_route=\/wp\/v2\/pages\/172"}],"collection":[{"href":"https:\/\/le-style-pacou.com\/index.php?rest_route=\/wp\/v2\/pages"}],"about":[{"href":"https:\/\/le-style-pacou.com\/index.php?rest_route=\/wp\/v2\/types\/page"}],"author":[{"embeddable":true,"href":"https:\/\/le-style-pacou.com\/index.php?rest_route=\/wp\/v2\/users\/1"}],"replies":[{"embeddable":true,"href":"https:\/\/le-style-pacou.com\/index.php?rest_route=%2Fwp%2Fv2%2Fcomments&post=172"}],"version-history":[{"count":8,"href":"https:\/\/le-style-pacou.com\/index.php?rest_route=\/wp\/v2\/pages\/172\/revisions"}],"predecessor-version":[{"id":193,"href":"https:\/\/le-style-pacou.com\/index.php?rest_route=\/wp\/v2\/pages\/172\/revisions\/193"}],"wp:attachment":[{"href":"https:\/\/le-style-pacou.com\/index.php?rest_route=%2Fwp%2Fv2%2Fmedia&parent=172"}],"curies":[{"name":"wp","href":"https:\/\/api.w.org\/{rel}","templated":true}]}}